{"id":3,"date":"2022-09-28T17:11:49","date_gmt":"2022-09-28T22:11:49","guid":{"rendered":"https:\/\/fxtekk.com\/?page_id=3"},"modified":"2023-03-24T16:42:49","modified_gmt":"2023-03-24T22:42:49","slug":"privacy-policy","status":"publish","type":"page","link":"https:\/\/fxtekk.com\/es\/privacy-policy\/","title":{"rendered":"Pol\u00edtica de Privacidad"},"content":{"rendered":"<div data-elementor-type=\"wp-page\" data-elementor-id=\"3\" class=\"elementor elementor-3\">\n\t\t\t\t\t\t<section class=\"elementor-section elementor-top-section elementor-element elementor-element-5d80b4ba elementor-section-boxed elementor-section-height-default elementor-section-height-default\" data-id=\"5d80b4ba\" data-element_type=\"section\" data-settings=\"{&quot;background_background&quot;:&quot;classic&quot;,&quot;shape_divider_bottom&quot;:&quot;curve&quot;,&quot;shape_divider_bottom_negative&quot;:&quot;yes&quot;,&quot;ekit_has_onepagescroll_dot&quot;:&quot;yes&quot;}\">\n\t\t\t\t\t\t\t<div class=\"elementor-background-overlay\"><\/div>\n\t\t\t\t\t\t<div class=\"elementor-shape elementor-shape-bottom\" aria-hidden=\"true\" data-negative=\"true\">\n\t\t\t<svg xmlns=\"http:\/\/www.w3.org\/2000\/svg\" viewbox=\"0 0 1000 100\" preserveaspectratio=\"none\">\n\t<path class=\"elementor-shape-fill\" d=\"M500,97C126.7,96.3,0.8,19.8,0,0v100l1000,0V1C1000,19.4,873.3,97.8,500,97z\"\/>\n<\/svg>\t\t<\/div>\n\t\t\t\t\t<div class=\"elementor-container elementor-column-gap-no\">\n\t\t\t\t\t<div class=\"elementor-column elementor-col-100 elementor-top-column elementor-element elementor-element-73554f7\" data-id=\"73554f7\" data-element_type=\"column\">\n\t\t\t<div class=\"elementor-widget-wrap elementor-element-populated\">\n\t\t\t\t\t\t<div class=\"elementor-element elementor-element-2dc4fc80 elementor-widget elementor-widget-heading\" data-id=\"2dc4fc80\" data-element_type=\"widget\" data-settings=\"{&quot;ekit_we_effect_on&quot;:&quot;none&quot;}\" data-widget_type=\"heading.default\">\n\t\t\t\t<div class=\"elementor-widget-container\">\n\t\t\t\t\t<h2 class=\"elementor-heading-title elementor-size-default\">Pol\u00edtica de Privacidad<\/h2>\t\t\t\t<\/div>\n\t\t\t\t<\/div>\n\t\t\t\t<div class=\"elementor-element elementor-element-39724753 elementor-icon-list--layout-inline elementor-align-center elementor-list-item-link-full_width elementor-widget elementor-widget-icon-list\" data-id=\"39724753\" data-element_type=\"widget\" data-settings=\"{&quot;ekit_we_effect_on&quot;:&quot;none&quot;}\" data-widget_type=\"icon-list.default\">\n\t\t\t\t<div class=\"elementor-widget-container\">\n\t\t\t\t\t\t\t<ul class=\"elementor-icon-list-items elementor-inline-items\">\n\t\t\t\t\t\t\t<li class=\"elementor-icon-list-item elementor-inline-item\">\n\t\t\t\t\t\t\t\t\t\t\t<a href=\"https:\/\/fxtekk.com\/es\">\n\n\t\t\t\t\t\t\t\t\t\t\t<span class=\"elementor-icon-list-text\">Inicio<\/span>\n\t\t\t\t\t\t\t\t\t\t\t<\/a>\n\t\t\t\t\t\t\t\t\t<\/li>\n\t\t\t\t\t\t\t\t<li class=\"elementor-icon-list-item elementor-inline-item\">\n\t\t\t\t\t\t\t\t\t\t\t<span class=\"elementor-icon-list-icon\">\n\t\t\t\t\t\t\t<i aria-hidden=\"true\" class=\"fas fa-chevron-right\"><\/i>\t\t\t\t\t\t<\/span>\n\t\t\t\t\t\t\t\t\t\t<span class=\"elementor-icon-list-text\">Pol\u00edtica de Privacidad<\/span>\n\t\t\t\t\t\t\t\t\t<\/li>\n\t\t\t\t\t\t<\/ul>\n\t\t\t\t\t\t<\/div>\n\t\t\t\t<\/div>\n\t\t\t\t\t<\/div>\n\t\t<\/div>\n\t\t\t\t\t<\/div>\n\t\t<\/section>\n\t\t\t\t<section class=\"elementor-section elementor-top-section elementor-element elementor-element-cc04e60 elementor-section-boxed elementor-section-height-default elementor-section-height-default\" data-id=\"cc04e60\" data-element_type=\"section\" data-settings=\"{&quot;ekit_has_onepagescroll_dot&quot;:&quot;yes&quot;}\" data-no-translation=\"\">\n\t\t\t\t\t\t<div class=\"elementor-container elementor-column-gap-default\">\n\t\t\t\t\t<div class=\"elementor-column elementor-col-100 elementor-top-column elementor-element elementor-element-bcffadb\" data-id=\"bcffadb\" data-element_type=\"column\">\n\t\t\t<div class=\"elementor-widget-wrap elementor-element-populated\">\n\t\t\t\t\t\t<div class=\"elementor-element elementor-element-4a29527 elementor-widget elementor-widget-text-editor\" data-id=\"4a29527\" data-element_type=\"widget\" data-settings=\"{&quot;ekit_we_effect_on&quot;:&quot;none&quot;}\" data-widget_type=\"text-editor.default\">\n\t\t\t\t<div class=\"elementor-widget-container\">\n\t\t\t\t\t\t\t\t\t<p>La presente Pol\u00edtica de Privacidad establece los t\u00e9rminos en que FX Tekk usa y protege la informaci\u00f3n que es proporcionada por sus usuarios al momento de utilizar su sitio web. Esta empresa est\u00e1 comprometida con la seguridad de los datos de sus usuarios. Cuando le solicitamos que complete los campos de informaci\u00f3n personal con los que puede identificarse, lo hacemos asegur\u00e1ndonos de que solo se utilizar\u00e1 de acuerdo con los t\u00e9rminos de este documento. Sin embargo, esta Pol\u00edtica de Privacidad puede cambiar con el tiempo o ser actualizada, por lo que le recomendamos y enfatizamos que revise continuamente esta p\u00e1gina para asegurarse que est\u00e1 de acuerdo con dichos cambios.<\/p><p>Informaci\u00f3n que se recopila<br \/>Nuestro sitio web puede recopilar informaci\u00f3n personal como: Nombre, informaci\u00f3n de contacto como su direcci\u00f3n de correo electr\u00f3nico e informaci\u00f3n demogr\u00e1fica. Asimismo, cuando sea necesario, se podr\u00e1 requerir informaci\u00f3n espec\u00edfica para procesar un pedido o realizar una entrega o facturaci\u00f3n.<\/p><p>Uso de la informaci\u00f3n recopilada<br \/>Nuestro sitio web utiliza la informaci\u00f3n para brindar el mejor servicio posible, particularmente para mantener un registro de usuarios, de pedidos, si corresponde, y para mejorar nuestros productos y servicios. Es posible que peri\u00f3dicamente se env\u00eden correos electr\u00f3nicos a trav\u00e9s de nuestro sitio con ofertas especiales, nuevos productos y otra informaci\u00f3n publicitaria que consideremos relevante para usted o que pueda brindarle alg\u00fan beneficio, estos correos electr\u00f3nicos ser\u00e1n enviados a la direcci\u00f3n que usted proporcione y podr\u00e1n ser cancelados. . en cualquier momento.<\/p><p>FX Tekk est\u00e1 muy comprometido con el cumplimiento del compromiso de mantener su informaci\u00f3n segura. Utilizamos los sistemas m\u00e1s avanzados y los actualizamos constantemente para asegurarnos de que no haya accesos no autorizados.<\/p><p>Galletas<br \/>Una cookie se refiere a un archivo que se env\u00eda con el fin de solicitar permiso para ser almacenado en su computadora, al aceptar dicho archivo se crea y la cookie sirve entonces para tener informaci\u00f3n sobre el tr\u00e1fico web, y tambi\u00e9n facilita futuras cookies recurrentes. Otra funci\u00f3n que tienen las cookies es que con ellas los sitios web pueden reconocerte individualmente y por lo tanto brindarte el mejor servicio personalizado en su sitio web.<\/p><p>Nuestro sitio web utiliza cookies para poder identificar las p\u00e1ginas que se visitan y su frecuencia. Esta informaci\u00f3n se utiliza \u00fanicamente para el an\u00e1lisis estad\u00edstico y luego la informaci\u00f3n se elimina de forma permanente. Puede eliminar las cookies en cualquier momento desde su computadora. Sin embargo, las cookies ayudan a brindar un mejor servicio en los sitios web, no dan acceso a la informaci\u00f3n de su computadora o de usted, a menos que usted lo desee y se lo proporcione directamente. Puede aceptar o rechazar el uso de cookies, sin embargo la mayor\u00eda de los navegadores aceptan autom\u00e1ticamente las cookies ya que sirve para tener un mejor servicio web. Tambi\u00e9n puede cambiar la configuraci\u00f3n de su computadora para rechazar las cookies. Si se rechazan, es posible que no pueda utilizar algunos de nuestros servicios.<\/p><p>Enlaces de terceros<br \/>Este sitio web puede contener enlaces a otros sitios que pueden ser de su inter\u00e9s. Una vez que hace clic en estos enlaces y abandona nuestra p\u00e1gina, ya no tenemos control sobre el sitio al que es redirigido y, por lo tanto, no somos responsables de los t\u00e9rminos o la privacidad o la protecci\u00f3n de sus datos en esos otros sitios de terceros. Estos sitios est\u00e1n sujetos a sus propias pol\u00edticas de privacidad, por lo que se recomienda que los consulte para confirmar que est\u00e1 de acuerdo con ellas.<\/p><p>Control de su informaci\u00f3n personal<br \/>En cualquier momento puede restringir la recopilaci\u00f3n o el uso de la informaci\u00f3n personal que se proporciona a nuestro sitio web. Cada vez que se le solicite la cumplimentaci\u00f3n de un formulario, como por ejemplo el formulario de registro de usuario, puede marcar o desmarcar la opci\u00f3n de recibir informaci\u00f3n por correo electr\u00f3nico. Si ha marcado la opci\u00f3n de recibir nuestro bolet\u00edn o publicidad, puede cancelarla en cualquier momento.<\/p><p>Esta empresa no vender\u00e1, ceder\u00e1 ni distribuir\u00e1 informaci\u00f3n personal que sea recabada sin su consentimiento, salvo que sea requerido por un juez con orden judicial.<\/p><p>FX Tekk Se reserva el derecho de cambiar los t\u00e9rminos de esta Pol\u00edtica de Privacidad en cualquier momento.<\/p>\t\t\t\t\t\t\t\t<\/div>\n\t\t\t\t<\/div>\n\t\t\t\t\t<\/div>\n\t\t<\/div>\n\t\t\t\t\t<\/div>\n\t\t<\/section>\n\t\t\t\t<\/div>","protected":false},"excerpt":{"rendered":"<p>Privacy Policy Home Privacy Policy This Privacy Policy establishes the terms in which FX Tekk uses and protects the information that is provided by its users when using its website. This company is committed to the security of its users&#8217; data. When we ask you to fill in the personal information fields with which you [&hellip;]<\/p>","protected":false},"author":1,"featured_media":0,"parent":0,"menu_order":0,"comment_status":"closed","ping_status":"closed","template":"","meta":{"footnotes":""},"class_list":["post-3","page","type-page","status-publish","hentry"],"yoast_head":"<!-- This site is optimized with the Yoast SEO plugin v26.9 - https:\/\/yoast.com\/product\/yoast-seo-wordpress\/ -->\n<title>Privacy Policy - FX TEKK<\/title>\n<meta name=\"robots\" content=\"index, follow, max-snippet:-1, max-image-preview:large, max-video-preview:-1\" \/>\n<link rel=\"canonical\" href=\"https:\/\/fxtekk.com\/es\/privacy-policy\/\" \/>\n<meta property=\"og:locale\" content=\"es_MX\" \/>\n<meta property=\"og:type\" content=\"article\" \/>\n<meta property=\"og:title\" content=\"Privacy Policy - FX TEKK\" \/>\n<meta property=\"og:description\" content=\"Privacy Policy Home Privacy Policy This Privacy Policy establishes the terms in which FX Tekk uses and protects the information that is provided by its users when using its website. This company is committed to the security of its users&#8217; data. When we ask you to fill in the personal information fields with which you [&hellip;]\" \/>\n<meta property=\"og:url\" content=\"https:\/\/fxtekk.com\/es\/privacy-policy\/\" \/>\n<meta property=\"og:site_name\" content=\"FX TEKK\" \/>\n<meta property=\"article:modified_time\" content=\"2023-03-24T22:42:49+00:00\" \/>\n<meta name=\"twitter:card\" content=\"summary_large_image\" \/>\n<meta name=\"twitter:label1\" content=\"Tiempo de lectura\" \/>\n\t<meta name=\"twitter:data1\" content=\"6 minutos\" \/>\n<script type=\"application\/ld+json\" class=\"yoast-schema-graph\">{\"@context\":\"https:\/\/schema.org\",\"@graph\":[{\"@type\":\"WebPage\",\"@id\":\"https:\/\/fxtekk.com\/privacy-policy\/\",\"url\":\"https:\/\/fxtekk.com\/privacy-policy\/\",\"name\":\"Privacy Policy - FX TEKK\",\"isPartOf\":{\"@id\":\"https:\/\/fxtekk.com\/#website\"},\"datePublished\":\"2022-09-28T22:11:49+00:00\",\"dateModified\":\"2023-03-24T22:42:49+00:00\",\"breadcrumb\":{\"@id\":\"https:\/\/fxtekk.com\/privacy-policy\/#breadcrumb\"},\"inLanguage\":\"es\",\"potentialAction\":[{\"@type\":\"ReadAction\",\"target\":[\"https:\/\/fxtekk.com\/privacy-policy\/\"]}]},{\"@type\":\"BreadcrumbList\",\"@id\":\"https:\/\/fxtekk.com\/privacy-policy\/#breadcrumb\",\"itemListElement\":[{\"@type\":\"ListItem\",\"position\":1,\"name\":\"Home\",\"item\":\"https:\/\/fxtekk.com\/\"},{\"@type\":\"ListItem\",\"position\":2,\"name\":\"Privacy Policy\"}]},{\"@type\":\"WebSite\",\"@id\":\"https:\/\/fxtekk.com\/#website\",\"url\":\"https:\/\/fxtekk.com\/\",\"name\":\"FX TEKK\",\"description\":\"Future Technology\",\"publisher\":{\"@id\":\"https:\/\/fxtekk.com\/#organization\"},\"potentialAction\":[{\"@type\":\"SearchAction\",\"target\":{\"@type\":\"EntryPoint\",\"urlTemplate\":\"https:\/\/fxtekk.com\/?s={search_term_string}\"},\"query-input\":{\"@type\":\"PropertyValueSpecification\",\"valueRequired\":true,\"valueName\":\"search_term_string\"}}],\"inLanguage\":\"es\"},{\"@type\":\"Organization\",\"@id\":\"https:\/\/fxtekk.com\/#organization\",\"name\":\"FX TEKK\",\"url\":\"https:\/\/fxtekk.com\/\",\"logo\":{\"@type\":\"ImageObject\",\"inLanguage\":\"es\",\"@id\":\"https:\/\/fxtekk.com\/#\/schema\/logo\/image\/\",\"url\":\"https:\/\/fxtekk.com\/wp-content\/uploads\/2022\/10\/fxtekk-original.png\",\"contentUrl\":\"https:\/\/fxtekk.com\/wp-content\/uploads\/2022\/10\/fxtekk-original.png\",\"width\":600,\"height\":314,\"caption\":\"FX TEKK\"},\"image\":{\"@id\":\"https:\/\/fxtekk.com\/#\/schema\/logo\/image\/\"}}]}<\/script>\n<!-- \/ Yoast SEO plugin. -->","yoast_head_json":{"title":"Privacy Policy - FX TEKK","robots":{"index":"index","follow":"follow","max-snippet":"max-snippet:-1","max-image-preview":"max-image-preview:large","max-video-preview":"max-video-preview:-1"},"canonical":"https:\/\/fxtekk.com\/es\/privacy-policy\/","og_locale":"es_MX","og_type":"article","og_title":"Privacy Policy - FX TEKK","og_description":"Privacy Policy Home Privacy Policy This Privacy Policy establishes the terms in which FX Tekk uses and protects the information that is provided by its users when using its website. This company is committed to the security of its users&#8217; data. When we ask you to fill in the personal information fields with which you [&hellip;]","og_url":"https:\/\/fxtekk.com\/es\/privacy-policy\/","og_site_name":"FX TEKK","article_modified_time":"2023-03-24T22:42:49+00:00","twitter_card":"summary_large_image","twitter_misc":{"Tiempo de lectura":"6 minutos"},"schema":{"@context":"https:\/\/schema.org","@graph":[{"@type":"WebPage","@id":"https:\/\/fxtekk.com\/privacy-policy\/","url":"https:\/\/fxtekk.com\/privacy-policy\/","name":"Privacy Policy - FX TEKK","isPartOf":{"@id":"https:\/\/fxtekk.com\/#website"},"datePublished":"2022-09-28T22:11:49+00:00","dateModified":"2023-03-24T22:42:49+00:00","breadcrumb":{"@id":"https:\/\/fxtekk.com\/privacy-policy\/#breadcrumb"},"inLanguage":"es","potentialAction":[{"@type":"ReadAction","target":["https:\/\/fxtekk.com\/privacy-policy\/"]}]},{"@type":"BreadcrumbList","@id":"https:\/\/fxtekk.com\/privacy-policy\/#breadcrumb","itemListElement":[{"@type":"ListItem","position":1,"name":"Home","item":"https:\/\/fxtekk.com\/"},{"@type":"ListItem","position":2,"name":"Privacy Policy"}]},{"@type":"WebSite","@id":"https:\/\/fxtekk.com\/#website","url":"https:\/\/fxtekk.com\/","name":"FX TEKK","description":"Future Technology","publisher":{"@id":"https:\/\/fxtekk.com\/#organization"},"potentialAction":[{"@type":"SearchAction","target":{"@type":"EntryPoint","urlTemplate":"https:\/\/fxtekk.com\/?s={search_term_string}"},"query-input":{"@type":"PropertyValueSpecification","valueRequired":true,"valueName":"search_term_string"}}],"inLanguage":"es"},{"@type":"Organization","@id":"https:\/\/fxtekk.com\/#organization","name":"FX TEKK","url":"https:\/\/fxtekk.com\/","logo":{"@type":"ImageObject","inLanguage":"es","@id":"https:\/\/fxtekk.com\/#\/schema\/logo\/image\/","url":"https:\/\/fxtekk.com\/wp-content\/uploads\/2022\/10\/fxtekk-original.png","contentUrl":"https:\/\/fxtekk.com\/wp-content\/uploads\/2022\/10\/fxtekk-original.png","width":600,"height":314,"caption":"FX TEKK"},"image":{"@id":"https:\/\/fxtekk.com\/#\/schema\/logo\/image\/"}}]}},"_links":{"self":[{"href":"https:\/\/fxtekk.com\/es\/wp-json\/wp\/v2\/pages\/3","targetHints":{"allow":["GET"]}}],"collection":[{"href":"https:\/\/fxtekk.com\/es\/wp-json\/wp\/v2\/pages"}],"about":[{"href":"https:\/\/fxtekk.com\/es\/wp-json\/wp\/v2\/types\/page"}],"author":[{"embeddable":true,"href":"https:\/\/fxtekk.com\/es\/wp-json\/wp\/v2\/users\/1"}],"replies":[{"embeddable":true,"href":"https:\/\/fxtekk.com\/es\/wp-json\/wp\/v2\/comments?post=3"}],"version-history":[{"count":20,"href":"https:\/\/fxtekk.com\/es\/wp-json\/wp\/v2\/pages\/3\/revisions"}],"predecessor-version":[{"id":550,"href":"https:\/\/fxtekk.com\/es\/wp-json\/wp\/v2\/pages\/3\/revisions\/550"}],"wp:attachment":[{"href":"https:\/\/fxtekk.com\/es\/wp-json\/wp\/v2\/media?parent=3"}],"curies":[{"name":"wp","href":"https:\/\/api.w.org\/{rel}","templated":true}]}}